{"id":53,"date":"2022-07-27T02:16:12","date_gmt":"2022-07-27T02:16:12","guid":{"rendered":"https:\/\/fiscontables.com\/?page_id=53"},"modified":"2022-10-31T23:02:48","modified_gmt":"2022-10-31T23:02:48","slug":"fiscontables","status":"publish","type":"page","link":"https:\/\/yapa-fiscontables.com\/","title":{"rendered":"INICIO"},"content":{"rendered":"\n<div class=\"wp-block-cover alignfull is-light has-parallax\" style=\"background-image:url(http:\/\/yapa-fiscontables.com\/wp-content\/uploads\/2022\/07\/Screen-Shot-2022-07-26-at-9.14.37-PM.png);min-height:992px;aspect-ratio:unset;\" id=\"inicio\"><span aria-hidden=\"true\" class=\"wp-block-cover__background has-subtle-background-background-color has-background-dim-40 has-background-dim\"><\/span><div class=\"wp-block-cover__inner-container is-layout-flow wp-block-cover-is-layout-flow\">\n<p class=\"has-text-color\" style=\"color:#ffe074;font-size:5rem\"><strong>Fiscontables<\/strong><\/p>\n\n\n\n<p class=\"has-text-color\" style=\"color:#ffe074;font-size:3rem\"><strong>Trabajando juntos<\/strong><\/p>\n\n\n\n<div class=\"wp-block-columns alignwide is-layout-flex wp-container-core-columns-is-layout-1 wp-block-columns-is-layout-flex\">\n<div class=\"wp-block-column is-layout-flow wp-block-column-is-layout-flow\" style=\"flex-basis:55%\">\n<div style=\"height:330px\" aria-hidden=\"true\" class=\"wp-block-spacer\"><\/div>\n\n\n\n<p class=\"has-text-color\" style=\"color:#ffe074;font-size:12px;line-height:1.3\"><\/p>\n<\/div>\n\n\n\n<div class=\"wp-block-column is-layout-flow wp-block-column-is-layout-flow\"><\/div>\n<\/div>\n<\/div><\/div>\n\n\n\n<div class=\"wp-block-cover alignfull has-parallax\" style=\"background-image:url(http:\/\/yapa-fiscontables.com\/wp-content\/uploads\/2022\/07\/random2-2.png);min-height:317px;aspect-ratio:unset;\" id=\"servicios\"><span aria-hidden=\"true\" class=\"wp-block-cover__background has-background-dim-60 has-background-dim\"><\/span><div class=\"wp-block-cover__inner-container is-layout-flow wp-block-cover-is-layout-flow\">\n<h2 class=\"alignwide has-text-align-center has-text-color wp-block-heading\" style=\"color:#ffe074;font-size:4rem\">Servicios<\/h2>\n\n\n\n<p class=\"has-text-align-left\" style=\"font-size:28px\">Nuestra firma tiene integradas las siguientes divisiones, las cuales prestan los servicios que se describen a continuaci\u00f3n:<\/p>\n<\/div><\/div>\n\n\n\n<div class=\"wp-block-columns alignwide is-layout-flex wp-container-core-columns-is-layout-2 wp-block-columns-is-layout-flex\">\n<div class=\"wp-block-column has-text-color has-background has-link-color wp-elements-095c32d0a5f752e14550947233319b78 is-layout-flow wp-block-column-is-layout-flow\" style=\"background-color:#ffe97d;color:#000000;padding-top:2em;padding-right:2em;padding-bottom:2em;padding-left:2em\">\n<h2 class=\"has-text-align-center wp-block-heading\" id=\"single\" style=\"font-size:34px\">Auditor\u00eda<\/h2>\n\n\n\n<hr class=\"wp-block-separator has-text-color has-css-opacity has-background is-style-default\" style=\"background-color:#000000;color:#000000\"\/>\n\n\n\n<ul class=\"wp-block-list\"><li>Auditor\u00eda para Fines Fiscales<\/li><li>SAT | G.D.F.<\/li><li>IMSS | INFONAVIT<\/li><li>Auditor\u00eda para fines de compras de compa\u00f1\u00edas, fusiones y escisiones<\/li><li>Auditor\u00eda Operacional<\/li><li>Auditor\u00eda peri\u00f3dica con fines espec\u00edfico<\/li><\/ul>\n\n\n\n<div class=\"wp-block-buttons alignfull is-horizontal is-content-justification-center is-layout-flex wp-container-core-buttons-is-layout-1 wp-block-buttons-is-layout-flex\"><\/div>\n<\/div>\n\n\n\n<div class=\"wp-block-column has-text-color has-background has-link-color wp-elements-8905b9ed58a05a47934a47f5f526d64a is-layout-flow wp-block-column-is-layout-flow\" style=\"background-color:#d1d1e1;color:#000000;padding-top:2em;padding-right:2em;padding-bottom:2em;padding-left:2em\">\n<h2 class=\"has-text-align-center wp-block-heading\" id=\"family\" style=\"font-size:34px\">Asesor\u00eda F\u00edscal<\/h2>\n\n\n\n<hr class=\"wp-block-separator has-css-opacity is-style-default\"\/>\n\n\n\n<ul class=\"wp-block-list\"><li>Planeaci\u00f3n fiscal a empresas y personas f\u00edsicas<\/li><li>Consultor\u00eda en la resoluci\u00f3n de problemas fiscales<\/li><li>Asesor\u00eda en incentivos fiscales a empresas por desplazamiento o constituci\u00f3n en regiones susceptibles de desarrollo<\/li><li>Asesor\u00eda en planeaci\u00f3n fiscal para industrias de maquila<\/li><li>Supervisi\u00f3n de declaraciones<\/li><\/ul>\n\n\n\n<div class=\"wp-block-buttons alignfull is-horizontal is-content-justification-center is-layout-flex wp-container-core-buttons-is-layout-2 wp-block-buttons-is-layout-flex\"><\/div>\n<\/div>\n\n\n\n<div class=\"wp-block-column has-text-color has-background has-link-color wp-elements-cec69962294bf45b918a257ad332500b is-layout-flow wp-block-column-is-layout-flow\" style=\"background-color:#c0ebf1;color:#000000;padding-top:2em;padding-right:2em;padding-bottom:2em;padding-left:2em\">\n<h2 class=\"has-text-align-center wp-block-heading\" id=\"patron\" style=\"font-size:34px\">Asesor\u00eda Contable<\/h2>\n\n\n\n<hr class=\"wp-block-separator has-css-opacity is-style-default\"\/>\n\n\n\n<ul class=\"wp-block-list\"><li>Aperturas<\/li><li>Traspasos<\/li><li>Clausuras<\/li><li>Cambio de domicilio<\/li><li>Devoluciones y compensaciones<\/li><li>Exenci\u00f3n de impuestos<\/li><li>Cumplimiento de obligaciones<\/li><li>Declaraciones mensuales y anuales<\/li><li>Ajustes a pagos provisionales<\/li><li>Padr\u00f3n de importadores<\/li><\/ul>\n\n\n\n<div class=\"wp-block-buttons alignfull is-horizontal is-content-justification-center is-layout-flex wp-container-core-buttons-is-layout-3 wp-block-buttons-is-layout-flex\"><\/div>\n<\/div>\n<\/div>\n\n\n\n<div class=\"wp-block-columns alignwide is-layout-flex wp-container-core-columns-is-layout-3 wp-block-columns-is-layout-flex\">\n<div class=\"wp-block-column has-text-color has-background has-link-color wp-elements-4ece36ded98f1484af2472bfc428d013 is-layout-flow wp-block-column-is-layout-flow\" style=\"background-color:#b6e3f3d9;color:#000000;padding-top:2em;padding-right:2em;padding-bottom:2em;padding-left:2em\">\n<h2 class=\"has-text-align-center wp-block-heading\" id=\"single\" style=\"font-size:35px\">Consultor\u00eda en Administraci\u00f3n<\/h2>\n\n\n\n<hr class=\"wp-block-separator has-text-color has-css-opacity has-background is-style-default\" style=\"background-color:#000000;color:#000000\"\/>\n\n\n\n<ul class=\"wp-block-list\"><li>Auditor\u00eda para Fines Fiscales<\/li><li>SAT | G.D.F.<\/li><li>IMSS | INFONAVIT<\/li><li>Auditor\u00eda para fines de compras de compa\u00f1\u00edas, fusiones y escisiones<\/li><li>Auditor\u00eda Operacional<\/li><li>Auditor\u00eda peri\u00f3dica con fines espec\u00edfico<\/li><\/ul>\n\n\n\n<div class=\"wp-block-buttons alignfull is-horizontal is-content-justification-center is-layout-flex wp-container-core-buttons-is-layout-4 wp-block-buttons-is-layout-flex\"><\/div>\n<\/div>\n\n\n\n<div class=\"wp-block-column has-text-color has-background has-link-color wp-elements-e79fbbcf242368c90b4597d798714f72 is-layout-flow wp-block-column-is-layout-flow\" style=\"background-color:#d1e0d8;color:#000000;padding-top:2em;padding-right:2em;padding-bottom:2em;padding-left:2em\">\n<h2 class=\"wp-block-heading\" id=\"family\" style=\"font-size:35px\">Administraci\u00f3n de Bienes Inmuebles<\/h2>\n\n\n\n<hr class=\"wp-block-separator has-css-opacity is-style-default\"\/>\n\n\n\n<ul class=\"wp-block-list\"><li>Administraci\u00f3n de condominios<\/li><li>Supervisi\u00f3n general de los edificios<\/li><li>Control administrativo de los gastos internos<\/li><li>Revisi\u00f3n y pago de n\u00f3mina al personal<\/li><li>Pago de servicios<\/li><\/ul>\n\n\n\n<div class=\"wp-block-buttons alignfull is-horizontal is-content-justification-center is-layout-flex wp-container-core-buttons-is-layout-5 wp-block-buttons-is-layout-flex\"><\/div>\n<\/div>\n\n\n\n<div class=\"wp-block-column is-layout-flow wp-block-column-is-layout-flow\"><\/div>\n<\/div>\n\n\n\n<div class=\"wp-block-cover alignfull has-parallax\" style=\"background-image:url(http:\/\/yapa-fiscontables.com\/wp-content\/uploads\/2022\/07\/Screen-Shot-2022-06-27-at-1.41.09-PM.png);min-height:100vh;aspect-ratio:unset;\" id=\"contacto\"><span aria-hidden=\"true\" class=\"wp-block-cover__background has-background-dim-60 has-background-dim\"><\/span><div class=\"wp-block-cover__inner-container is-layout-flow wp-block-cover-is-layout-flow\">\n<h2 class=\"alignwide has-text-color wp-block-heading\" style=\"color:#ffe074;font-size:4rem\">Cont\u00e1ctanos<\/h2>\n\n\n\n<div class=\"wp-block-group alignfull\"><div class=\"wp-block-group__inner-container is-layout-flow wp-block-group-is-layout-flow\">\n<div class=\"wp-block-columns alignwide is-layout-flex wp-container-core-columns-is-layout-4 wp-block-columns-is-layout-flex\">\n<div class=\"wp-block-column is-layout-flow wp-block-column-is-layout-flow\"><div class=\"wpforms-container wpforms-container-full wpforms-block\" id=\"wpforms-135\"><form id=\"wpforms-form-135\" class=\"wpforms-validate wpforms-form wpforms-ajax-form\" data-formid=\"135\" method=\"post\" enctype=\"multipart\/form-data\" action=\"\/index.php?rest_route=%2Fwp%2Fv2%2Fpages%2F53\" data-token=\"4068fba9b565e918483b7949d759be19\" data-token-time=\"1776426737\"><noscript class=\"wpforms-error-noscript\">Please enable JavaScript in your browser to complete this form.<\/noscript><div class=\"wpforms-field-container\"><div id=\"wpforms-135-field_0-container\" class=\"wpforms-field wpforms-field-name\" data-field-id=\"0\"><label class=\"wpforms-field-label\" for=\"wpforms-135-field_0\">Nombre completo <span class=\"wpforms-required-label\">*<\/span><\/label><input type=\"text\" id=\"wpforms-135-field_0\" class=\"wpforms-field-medium wpforms-field-required\" name=\"wpforms[fields][0]\" required><\/div><div id=\"wpforms-135-field_1-container\" class=\"wpforms-field wpforms-field-email\" data-field-id=\"1\"><label class=\"wpforms-field-label\" for=\"wpforms-135-field_1\">Correo electr\u00f3nico <span class=\"wpforms-required-label\">*<\/span><\/label><input type=\"email\" id=\"wpforms-135-field_1\" class=\"wpforms-field-medium wpforms-field-required\" name=\"wpforms[fields][1]\" spellcheck=\"false\" required><\/div><div id=\"wpforms-135-field_2-container\" class=\"wpforms-field wpforms-field-textarea\" data-field-id=\"2\"><label class=\"wpforms-field-label\" for=\"wpforms-135-field_2\">Comentario o mensaje<\/label><textarea id=\"wpforms-135-field_2\" class=\"wpforms-field-medium\" name=\"wpforms[fields][2]\" ><\/textarea><\/div><\/div><!-- .wpforms-field-container --><div class=\"wpforms-submit-container\" ><input type=\"hidden\" name=\"wpforms[id]\" value=\"135\"><input type=\"hidden\" name=\"page_title\" value=\"\"><input type=\"hidden\" name=\"page_url\" value=\"https:\/\/yapa-fiscontables.com\/index.php?rest_route=%2Fwp%2Fv2%2Fpages%2F53\"><button type=\"submit\" name=\"wpforms[submit]\" id=\"wpforms-submit-135\" class=\"wpforms-submit\" data-alt-text=\"Enviando...\" data-submit-text=\"Enviar\" aria-live=\"assertive\" value=\"wpforms-submit\">Enviar<\/button><img loading=\"lazy\" decoding=\"async\" src=\"https:\/\/yapa-fiscontables.com\/wp-content\/plugins\/wpforms-lite\/assets\/images\/submit-spin.svg\" class=\"wpforms-submit-spinner\" style=\"display: none;\" width=\"26\" height=\"26\" alt=\"Loading\"><\/div><\/form><\/div>  <!-- .wpforms-container --><\/div>\n<\/div>\n\n\n\n<p class=\"has-text-align-right has-normal-font-size\"><strong>soporte@yapa-fiscontables.com<\/strong><\/p>\n<\/div><\/div>\n<\/div><\/div>\n","protected":false},"excerpt":{"rendered":"<p>Auditor\u00eda Auditor\u00eda para Fines Fiscales SAT | G.D.F. IMSS | INFONAVIT Auditor\u00eda para fines de compras de compa\u00f1\u00edas, fusiones y escisiones Auditor\u00eda Operacional Auditor\u00eda peri\u00f3dica con fines espec\u00edfico Asesor\u00eda F\u00edscal Planeaci\u00f3n fiscal a empresas y personas f\u00edsicas Consultor\u00eda en la resoluci\u00f3n de problemas fiscales Asesor\u00eda en incentivos fiscales a empresas por desplazamiento o constituci\u00f3n en [&hellip;]<\/p>\n","protected":false},"author":1,"featured_media":0,"parent":0,"menu_order":0,"comment_status":"closed","ping_status":"closed","template":"","meta":{"footnotes":""},"class_list":["post-53","page","type-page","status-publish","hentry"],"_links":{"self":[{"href":"https:\/\/yapa-fiscontables.com\/index.php?rest_route=\/wp\/v2\/pages\/53","targetHints":{"allow":["GET"]}}],"collection":[{"href":"https:\/\/yapa-fiscontables.com\/index.php?rest_route=\/wp\/v2\/pages"}],"about":[{"href":"https:\/\/yapa-fiscontables.com\/index.php?rest_route=\/wp\/v2\/types\/page"}],"author":[{"embeddable":true,"href":"https:\/\/yapa-fiscontables.com\/index.php?rest_route=\/wp\/v2\/users\/1"}],"replies":[{"embeddable":true,"href":"https:\/\/yapa-fiscontables.com\/index.php?rest_route=%2Fwp%2Fv2%2Fcomments&post=53"}],"version-history":[{"count":51,"href":"https:\/\/yapa-fiscontables.com\/index.php?rest_route=\/wp\/v2\/pages\/53\/revisions"}],"predecessor-version":[{"id":213,"href":"https:\/\/yapa-fiscontables.com\/index.php?rest_route=\/wp\/v2\/pages\/53\/revisions\/213"}],"wp:attachment":[{"href":"https:\/\/yapa-fiscontables.com\/index.php?rest_route=%2Fwp%2Fv2%2Fmedia&parent=53"}],"curies":[{"name":"wp","href":"https:\/\/api.w.org\/{rel}","templated":true}]}}